{"id":943,"date":"2025-02-14T12:43:14","date_gmt":"2025-02-14T11:43:14","guid":{"rendered":"https:\/\/www.ginnekenshoeve.be\/?page_id=943"},"modified":"2025-03-01T15:31:20","modified_gmt":"2025-03-01T14:31:20","slug":"start-duits","status":"publish","type":"page","link":"https:\/\/www.ginnekenshoeve.be\/index.php\/start-duits\/","title":{"rendered":"Start Duits"},"content":{"rendered":"\n<div class=\"wp-block-group has-global-padding is-layout-constrained wp-block-group-is-layout-constrained\">\n<div class=\"wp-block-group has-global-padding is-layout-constrained wp-container-core-group-is-layout-e555385e wp-block-group-is-layout-constrained\" style=\"border-style:none;border-width:0px;border-radius:0px\">\n<div style=\"height:1.25rem\" aria-hidden=\"true\" class=\"wp-block-spacer\"><\/div>\n\n\n\n<p class=\"has-text-align-center has-contrast-color has-base-background-color has-text-color has-background has-link-color has-heading-font-family has-large-font-size wp-elements-fe9ba1555d113d2700980120e9e54b20\">In Ginnekenshoeve kommen alle guten Dinge zusammen:<br>Ruhe, Platz, hervorragende Einrichtungen und nat\u00fcrlich Gastfreundschaft.<br>Ein Aufenthalt im Ginnekenshoeve bedeutet Entspannung in einer warmen, famili\u00e4ren Atmosph\u00e4re.<\/p>\n\n\n\n<div style=\"height:1.25rem\" aria-hidden=\"true\" class=\"wp-block-spacer\"><\/div>\n<\/div>\n\n\n\n<div class=\"wp-block-group alignfull has-global-padding is-layout-constrained wp-container-core-group-is-layout-d89aad35 wp-block-group-is-layout-constrained\" style=\"margin-top:0;margin-bottom:0;padding-top:var(--wp--preset--spacing--50);padding-right:var(--wp--preset--spacing--50);padding-bottom:var(--wp--preset--spacing--50);padding-left:var(--wp--preset--spacing--50)\">\n<div class=\"wp-block-group alignwide has-global-padding is-layout-constrained wp-container-core-group-is-layout-19e250f3 wp-block-group-is-layout-constrained\">\n<div class=\"wp-block-group is-vertical is-content-justification-center is-layout-flex wp-container-core-group-is-layout-6329a8f3 wp-block-group-is-layout-flex\">\n<h2 class=\"wp-block-heading has-text-align-center is-style-asterisk\">Bed&amp;Breakfast und Ferienhaus<\/h2>\n\n\n\n<p class=\"has-text-align-center\">Ginnekenshoeve wird am Wochenende als Ferienhaus f\u00fcr 8 bis 10 Personen vermietet. Unter der Woche werden die Zimmer einzeln mit Fr\u00fchst\u00fcck vermietet.<\/p>\n<\/div>\n\n\n\n<div style=\"height:var(--wp--preset--spacing--30)\" aria-hidden=\"true\" class=\"wp-block-spacer\"><\/div>\n\n\n\n<div class=\"wp-block-buttons is-content-justification-center is-layout-flex wp-container-core-buttons-is-layout-a89b3969 wp-block-buttons-is-layout-flex\">\n<div class=\"wp-block-button\"><a class=\"wp-block-button__link wp-element-button\" href=\"\/index.php\/zimmer\">B&amp;B Zimmer<\/a><\/div>\n\n\n\n<div class=\"wp-block-button\"><a class=\"wp-block-button__link wp-element-button\" href=\"\/index.php\/ferienhaus\">Ferienhaus<\/a><\/div>\n<\/div>\n<\/div>\n<\/div>\n\n\n\n<div class=\"wp-block-group alignfull has-base-2-background-color has-background has-global-padding is-layout-constrained wp-container-core-group-is-layout-669513ed wp-block-group-is-layout-constrained\" style=\"margin-top:0;margin-bottom:0;padding-top:var(--wp--preset--spacing--50);padding-right:var(--wp--preset--spacing--50);padding-bottom:var(--wp--preset--spacing--50);padding-left:var(--wp--preset--spacing--50)\">\n<div class=\"wp-block-group is-vertical is-content-justification-center is-layout-flex wp-container-core-group-is-layout-52b864f0 wp-block-group-is-layout-flex\">\n<h2 class=\"wp-block-heading has-text-align-center is-style-asterisk\">Willkommen!<\/h2>\n\n\n\n<div style=\"height:0px\" aria-hidden=\"true\" class=\"wp-block-spacer wp-container-content-4f2ccadb\"><\/div>\n\n\n\n<p class=\"has-text-align-center\">Wir, Els und Rudy hei\u00dfen Sie herzlich willkommen in unserem komplett renovierten B&amp;B\/Ferienhaus in Beerse im Herzen des Antwerpener Kempenlandes.<\/p>\n\n\n\n<figure class=\"wp-block-image size-large\"><img loading=\"lazy\" decoding=\"async\" width=\"1024\" height=\"683\" src=\"https:\/\/www.ginnekenshoeve.be\/wp-content\/uploads\/2023\/11\/8V1A8330-1024x683.jpg\" alt=\"\" class=\"wp-image-49\" srcset=\"https:\/\/www.ginnekenshoeve.be\/wp-content\/uploads\/2023\/11\/8V1A8330-1024x683.jpg 1024w, https:\/\/www.ginnekenshoeve.be\/wp-content\/uploads\/2023\/11\/8V1A8330-300x200.jpg 300w, https:\/\/www.ginnekenshoeve.be\/wp-content\/uploads\/2023\/11\/8V1A8330-768x512.jpg 768w, https:\/\/www.ginnekenshoeve.be\/wp-content\/uploads\/2023\/11\/8V1A8330-1536x1025.jpg 1536w\" sizes=\"auto, (max-width: 1024px) 100vw, 1024px\" \/><\/figure>\n<\/div>\n\n\n\n<div class=\"wp-block-buttons is-content-justification-center is-layout-flex wp-container-core-buttons-is-layout-a89b3969 wp-block-buttons-is-layout-flex\">\n<div class=\"wp-block-button\"><a class=\"wp-block-button__link wp-element-button\" href=\"\/index.php\/kontakt\/\">kontaktiere uns<\/a><\/div>\n<\/div>\n\n\n\n<div style=\"margin-top:0;margin-bottom:0;height:var(--wp--preset--spacing--40)\" aria-hidden=\"true\" class=\"wp-block-spacer\"><\/div>\n\n\n\n<div class=\"wp-block-columns alignwide is-layout-flex wp-container-core-columns-is-layout-d0bbbce0 wp-block-columns-is-layout-flex\">\n<div class=\"wp-block-column is-layout-flow wp-container-core-column-is-layout-e3d1c41b wp-block-column-is-layout-flow\">\n<h2 class=\"wp-block-heading has-text-align-left is-style-asterisk has-heading-font-family has-medium-font-size\" style=\"font-style:normal;font-weight:600\">Zusammenkommen in gem\u00fctlicher Runde<\/h2>\n\n\n\n<p class=\"has-text-align-left\">Das alte Bauernhaus mit einem quadratischen Grundriss verf\u00fcgt \u00fcber vier elegante und ger\u00e4umige Schlafzimmer, die eine wunderbare Nachtruhe garantieren. Der Gemeinschaftsraum mit Fernsehecke und voll ausgestatteter K\u00fcche mit Pelletofen l\u00e4dt zum angenehmen Verweilen ein.<\/p>\n<\/div>\n\n\n\n<div class=\"wp-block-column is-layout-flow wp-container-core-column-is-layout-9b635ac4 wp-block-column-is-layout-flow\" style=\"flex-basis:500px\">\n<div style=\"height:10px\" aria-hidden=\"true\" class=\"wp-block-spacer\"><\/div>\n\n\n\n<figure data-wp-context=\"{&quot;imageId&quot;:&quot;69f20e4866467&quot;}\" data-wp-interactive=\"core\/image\" data-wp-key=\"69f20e4866467\" class=\"wp-block-image size-large wp-lightbox-container\"><img loading=\"lazy\" decoding=\"async\" width=\"1024\" height=\"683\" data-wp-class--hide=\"state.isContentHidden\" data-wp-class--show=\"state.isContentVisible\" data-wp-init=\"callbacks.setButtonStyles\" data-wp-on--click=\"actions.showLightbox\" data-wp-on--load=\"callbacks.setButtonStyles\" data-wp-on-window--resize=\"callbacks.setButtonStyles\" src=\"https:\/\/www.ginnekenshoeve.be\/wp-content\/uploads\/2023\/12\/GinnekenshoeveBeerse24_1200px-1-1024x683.jpg\" alt=\"\" class=\"wp-image-368\" style=\"aspect-ratio:16\/9;object-fit:cover\" srcset=\"https:\/\/www.ginnekenshoeve.be\/wp-content\/uploads\/2023\/12\/GinnekenshoeveBeerse24_1200px-1-1024x683.jpg 1024w, https:\/\/www.ginnekenshoeve.be\/wp-content\/uploads\/2023\/12\/GinnekenshoeveBeerse24_1200px-1-300x200.jpg 300w, https:\/\/www.ginnekenshoeve.be\/wp-content\/uploads\/2023\/12\/GinnekenshoeveBeerse24_1200px-1-768x512.jpg 768w, https:\/\/www.ginnekenshoeve.be\/wp-content\/uploads\/2023\/12\/GinnekenshoeveBeerse24_1200px-1.jpg 1200w\" sizes=\"auto, (max-width: 1024px) 100vw, 1024px\" \/><button\n\t\t\tclass=\"lightbox-trigger\"\n\t\t\ttype=\"button\"\n\t\t\taria-haspopup=\"dialog\"\n\t\t\taria-label=\"Vergroten\"\n\t\t\tdata-wp-init=\"callbacks.initTriggerButton\"\n\t\t\tdata-wp-on--click=\"actions.showLightbox\"\n\t\t\tdata-wp-style--right=\"state.imageButtonRight\"\n\t\t\tdata-wp-style--top=\"state.imageButtonTop\"\n\t\t>\n\t\t\t<svg xmlns=\"http:\/\/www.w3.org\/2000\/svg\" width=\"12\" height=\"12\" fill=\"none\" viewBox=\"0 0 12 12\">\n\t\t\t\t<path fill=\"#fff\" d=\"M2 0a2 2 0 0 0-2 2v2h1.5V2a.5.5 0 0 1 .5-.5h2V0H2Zm2 10.5H2a.5.5 0 0 1-.5-.5V8H0v2a2 2 0 0 0 2 2h2v-1.5ZM8 12v-1.5h2a.5.5 0 0 0 .5-.5V8H12v2a2 2 0 0 1-2 2H8Zm2-12a2 2 0 0 1 2 2v2h-1.5V2a.5.5 0 0 0-.5-.5H8V0h2Z\" \/>\n\t\t\t<\/svg>\n\t\t<\/button><\/figure>\n<\/div>\n<\/div>\n\n\n\n<div class=\"wp-block-columns alignwide is-layout-flex wp-container-core-columns-is-layout-d0bbbce0 wp-block-columns-is-layout-flex\">\n<div class=\"wp-block-column is-layout-flow wp-container-core-column-is-layout-e3d1c41b wp-block-column-is-layout-flow\">\n<h2 class=\"wp-block-heading has-text-align-left is-style-asterisk has-heading-font-family has-medium-font-size\" style=\"font-style:normal;font-weight:600\"><strong>Innenhof mit Wellnessbereich!<\/strong><\/h2>\n\n\n\n<p class=\"has-text-align-left\">Im Au\u00dfenbereich k\u00f6nnen Sie in unserem Innenhof mit Terrasse, Wellnessbereich und Schwimmbad vollkommen entspannen<br><\/p>\n<\/div>\n\n\n\n<div class=\"wp-block-column is-layout-flow wp-container-core-column-is-layout-e3d1c41b wp-block-column-is-layout-flow\" style=\"flex-basis:500px\">\n<div style=\"height:10px\" aria-hidden=\"true\" class=\"wp-block-spacer\"><\/div>\n\n\n\n<figure data-wp-context=\"{&quot;imageId&quot;:&quot;69f20e4866cb2&quot;}\" data-wp-interactive=\"core\/image\" data-wp-key=\"69f20e4866cb2\" class=\"wp-block-image size-large wp-lightbox-container\"><img loading=\"lazy\" decoding=\"async\" width=\"1024\" height=\"683\" data-wp-class--hide=\"state.isContentHidden\" data-wp-class--show=\"state.isContentVisible\" data-wp-init=\"callbacks.setButtonStyles\" data-wp-on--click=\"actions.showLightbox\" data-wp-on--load=\"callbacks.setButtonStyles\" data-wp-on-window--resize=\"callbacks.setButtonStyles\" src=\"https:\/\/www.ginnekenshoeve.be\/wp-content\/uploads\/2023\/12\/WellnessGinnekenshoeve_27-1024x683.jpg\" alt=\"\" class=\"wp-image-369\" style=\"aspect-ratio:16\/9;object-fit:cover\" srcset=\"https:\/\/www.ginnekenshoeve.be\/wp-content\/uploads\/2023\/12\/WellnessGinnekenshoeve_27-1024x683.jpg 1024w, https:\/\/www.ginnekenshoeve.be\/wp-content\/uploads\/2023\/12\/WellnessGinnekenshoeve_27-300x200.jpg 300w, https:\/\/www.ginnekenshoeve.be\/wp-content\/uploads\/2023\/12\/WellnessGinnekenshoeve_27-768x512.jpg 768w, https:\/\/www.ginnekenshoeve.be\/wp-content\/uploads\/2023\/12\/WellnessGinnekenshoeve_27-1536x1025.jpg 1536w, https:\/\/www.ginnekenshoeve.be\/wp-content\/uploads\/2023\/12\/WellnessGinnekenshoeve_27-2048x1366.jpg 2048w\" sizes=\"auto, (max-width: 1024px) 100vw, 1024px\" \/><button\n\t\t\tclass=\"lightbox-trigger\"\n\t\t\ttype=\"button\"\n\t\t\taria-haspopup=\"dialog\"\n\t\t\taria-label=\"Vergroten\"\n\t\t\tdata-wp-init=\"callbacks.initTriggerButton\"\n\t\t\tdata-wp-on--click=\"actions.showLightbox\"\n\t\t\tdata-wp-style--right=\"state.imageButtonRight\"\n\t\t\tdata-wp-style--top=\"state.imageButtonTop\"\n\t\t>\n\t\t\t<svg xmlns=\"http:\/\/www.w3.org\/2000\/svg\" width=\"12\" height=\"12\" fill=\"none\" viewBox=\"0 0 12 12\">\n\t\t\t\t<path fill=\"#fff\" d=\"M2 0a2 2 0 0 0-2 2v2h1.5V2a.5.5 0 0 1 .5-.5h2V0H2Zm2 10.5H2a.5.5 0 0 1-.5-.5V8H0v2a2 2 0 0 0 2 2h2v-1.5ZM8 12v-1.5h2a.5.5 0 0 0 .5-.5V8H12v2a2 2 0 0 1-2 2H8Zm2-12a2 2 0 0 1 2 2v2h-1.5V2a.5.5 0 0 0-.5-.5H8V0h2Z\" \/>\n\t\t\t<\/svg>\n\t\t<\/button><\/figure>\n<\/div>\n<\/div>\n\n\n\n<div style=\"height:var(--wp--preset--spacing--20)\" aria-hidden=\"true\" class=\"wp-block-spacer\"><\/div>\n\n\n\n<div class=\"wp-block-columns alignwide is-layout-flex wp-container-core-columns-is-layout-d0bbbce0 wp-block-columns-is-layout-flex\">\n<div class=\"wp-block-column is-layout-flow wp-container-core-column-is-layout-e3d1c41b wp-block-column-is-layout-flow\">\n<h2 class=\"wp-block-heading has-text-align-left is-style-asterisk has-heading-font-family has-medium-font-size\" style=\"font-style:normal;font-weight:600\"><strong>Wundersch\u00f6nes Naturschutzgebiet!<\/strong><\/h2>\n\n\n\n<p class=\"has-text-align-left\">Von unserem sch\u00f6nen Standort mit \u00f6kologischem Garten k\u00f6nnen Sie zu Fu\u00df oder mit dem Rad direkt in das angrenzende Naturschutzgebiet gelangen. Entspannen Sie bei einer kulinarischen Pause in einem der zahlreichen Restaurants der Umgebung.<\/p>\n<\/div>\n\n\n\n<div class=\"wp-block-column is-layout-flow wp-container-core-column-is-layout-e3d1c41b wp-block-column-is-layout-flow\" style=\"flex-basis:500px\">\n<div style=\"height:10px\" aria-hidden=\"true\" class=\"wp-block-spacer\"><\/div>\n\n\n\n<figure data-wp-context=\"{&quot;imageId&quot;:&quot;69f20e4867486&quot;}\" data-wp-interactive=\"core\/image\" data-wp-key=\"69f20e4867486\" class=\"wp-block-image size-large wp-lightbox-container\"><img loading=\"lazy\" decoding=\"async\" width=\"1024\" height=\"683\" data-wp-class--hide=\"state.isContentHidden\" data-wp-class--show=\"state.isContentVisible\" data-wp-init=\"callbacks.setButtonStyles\" data-wp-on--click=\"actions.showLightbox\" data-wp-on--load=\"callbacks.setButtonStyles\" data-wp-on-window--resize=\"callbacks.setButtonStyles\" src=\"https:\/\/www.ginnekenshoeve.be\/wp-content\/uploads\/2023\/12\/OmgevingGinnekenshoeve6-1024x683.jpg\" alt=\"\" class=\"wp-image-370\" style=\"aspect-ratio:16\/9;object-fit:cover\" srcset=\"https:\/\/www.ginnekenshoeve.be\/wp-content\/uploads\/2023\/12\/OmgevingGinnekenshoeve6-1024x683.jpg 1024w, https:\/\/www.ginnekenshoeve.be\/wp-content\/uploads\/2023\/12\/OmgevingGinnekenshoeve6-300x200.jpg 300w, https:\/\/www.ginnekenshoeve.be\/wp-content\/uploads\/2023\/12\/OmgevingGinnekenshoeve6-768x512.jpg 768w, https:\/\/www.ginnekenshoeve.be\/wp-content\/uploads\/2023\/12\/OmgevingGinnekenshoeve6-1536x1025.jpg 1536w, https:\/\/www.ginnekenshoeve.be\/wp-content\/uploads\/2023\/12\/OmgevingGinnekenshoeve6-2048x1366.jpg 2048w\" sizes=\"auto, (max-width: 1024px) 100vw, 1024px\" \/><button\n\t\t\tclass=\"lightbox-trigger\"\n\t\t\ttype=\"button\"\n\t\t\taria-haspopup=\"dialog\"\n\t\t\taria-label=\"Vergroten\"\n\t\t\tdata-wp-init=\"callbacks.initTriggerButton\"\n\t\t\tdata-wp-on--click=\"actions.showLightbox\"\n\t\t\tdata-wp-style--right=\"state.imageButtonRight\"\n\t\t\tdata-wp-style--top=\"state.imageButtonTop\"\n\t\t>\n\t\t\t<svg xmlns=\"http:\/\/www.w3.org\/2000\/svg\" width=\"12\" height=\"12\" fill=\"none\" viewBox=\"0 0 12 12\">\n\t\t\t\t<path fill=\"#fff\" d=\"M2 0a2 2 0 0 0-2 2v2h1.5V2a.5.5 0 0 1 .5-.5h2V0H2Zm2 10.5H2a.5.5 0 0 1-.5-.5V8H0v2a2 2 0 0 0 2 2h2v-1.5ZM8 12v-1.5h2a.5.5 0 0 0 .5-.5V8H12v2a2 2 0 0 1-2 2H8Zm2-12a2 2 0 0 1 2 2v2h-1.5V2a.5.5 0 0 0-.5-.5H8V0h2Z\" \/>\n\t\t\t<\/svg>\n\t\t<\/button><\/figure>\n<\/div>\n<\/div>\n\n\n\n<div class=\"wp-block-columns alignwide is-layout-flex wp-container-core-columns-is-layout-d0bbbce0 wp-block-columns-is-layout-flex\">\n<div class=\"wp-block-column is-layout-flow wp-container-core-column-is-layout-e3d1c41b wp-block-column-is-layout-flow\">\n<h2 class=\"wp-block-heading has-text-align-left is-style-asterisk has-heading-font-family has-medium-font-size\" style=\"font-style:normal;font-weight:600\"><strong>Verw\u00f6hnen Sie sich im holzbefeuerten Whirlpool.<\/strong><\/h2>\n\n\n\n<p class=\"has-text-align-left\">Entspannen Sie sich in unserem Wellnessbereich mit Infrarotkabine und Ruheraum. F\u00fcr das ultimative Outdoor-Erlebnis buchen Sie unseren holzbefeuerten Whirlpool und genie\u00dfen Sie einen wunderbar entspannten Abend.<\/p>\n<\/div>\n\n\n\n<div class=\"wp-block-column is-layout-flow wp-container-core-column-is-layout-e3d1c41b wp-block-column-is-layout-flow\" style=\"flex-basis:500px\">\n<div style=\"height:10px\" aria-hidden=\"true\" class=\"wp-block-spacer\"><\/div>\n\n\n\n<figure data-wp-context=\"{&quot;imageId&quot;:&quot;69f20e4867c3e&quot;}\" data-wp-interactive=\"core\/image\" data-wp-key=\"69f20e4867c3e\" class=\"wp-block-image size-large wp-lightbox-container\"><img loading=\"lazy\" decoding=\"async\" width=\"1024\" height=\"683\" data-wp-class--hide=\"state.isContentHidden\" data-wp-class--show=\"state.isContentVisible\" data-wp-init=\"callbacks.setButtonStyles\" data-wp-on--click=\"actions.showLightbox\" data-wp-on--load=\"callbacks.setButtonStyles\" data-wp-on-window--resize=\"callbacks.setButtonStyles\" src=\"https:\/\/www.ginnekenshoeve.be\/wp-content\/uploads\/2023\/12\/WellnessGinnekenshoeve_35-1024x683.jpg\" alt=\"\" class=\"wp-image-371\" style=\"aspect-ratio:16\/9;object-fit:cover\" srcset=\"https:\/\/www.ginnekenshoeve.be\/wp-content\/uploads\/2023\/12\/WellnessGinnekenshoeve_35-1024x683.jpg 1024w, https:\/\/www.ginnekenshoeve.be\/wp-content\/uploads\/2023\/12\/WellnessGinnekenshoeve_35-300x200.jpg 300w, https:\/\/www.ginnekenshoeve.be\/wp-content\/uploads\/2023\/12\/WellnessGinnekenshoeve_35-768x512.jpg 768w, https:\/\/www.ginnekenshoeve.be\/wp-content\/uploads\/2023\/12\/WellnessGinnekenshoeve_35-1536x1025.jpg 1536w, https:\/\/www.ginnekenshoeve.be\/wp-content\/uploads\/2023\/12\/WellnessGinnekenshoeve_35-2048x1366.jpg 2048w\" sizes=\"auto, (max-width: 1024px) 100vw, 1024px\" \/><button\n\t\t\tclass=\"lightbox-trigger\"\n\t\t\ttype=\"button\"\n\t\t\taria-haspopup=\"dialog\"\n\t\t\taria-label=\"Vergroten\"\n\t\t\tdata-wp-init=\"callbacks.initTriggerButton\"\n\t\t\tdata-wp-on--click=\"actions.showLightbox\"\n\t\t\tdata-wp-style--right=\"state.imageButtonRight\"\n\t\t\tdata-wp-style--top=\"state.imageButtonTop\"\n\t\t>\n\t\t\t<svg xmlns=\"http:\/\/www.w3.org\/2000\/svg\" width=\"12\" height=\"12\" fill=\"none\" viewBox=\"0 0 12 12\">\n\t\t\t\t<path fill=\"#fff\" d=\"M2 0a2 2 0 0 0-2 2v2h1.5V2a.5.5 0 0 1 .5-.5h2V0H2Zm2 10.5H2a.5.5 0 0 1-.5-.5V8H0v2a2 2 0 0 0 2 2h2v-1.5ZM8 12v-1.5h2a.5.5 0 0 0 .5-.5V8H12v2a2 2 0 0 1-2 2H8Zm2-12a2 2 0 0 1 2 2v2h-1.5V2a.5.5 0 0 0-.5-.5H8V0h2Z\" \/>\n\t\t\t<\/svg>\n\t\t<\/button><\/figure>\n<\/div>\n<\/div>\n<\/div>\n\n\n\n<div class=\"wp-block-group alignfull has-base-color has-contrast-background-color has-text-color has-background has-global-padding is-layout-constrained wp-container-core-group-is-layout-ef3d885c wp-block-group-is-layout-constrained\" style=\"margin-top:0;margin-bottom:0;padding-top:var(--wp--preset--spacing--60);padding-right:var(--wp--preset--spacing--60);padding-bottom:var(--wp--preset--spacing--60);padding-left:var(--wp--preset--spacing--60)\">\n<div class=\"wp-block-group has-global-padding is-layout-constrained wp-block-group-is-layout-constrained\">\n<p class=\"has-text-align-center has-base-color has-text-color has-heading-font-family has-x-large-font-size\" style=\"line-height:1.2\">&#8220;Wundersch\u00f6ne B&amp;B, herzlicher Empfang, k\u00f6stliches Fr\u00fchst\u00fcck. Wir kommen bestimmt wieder!&#8221;\ud83d\ude0a<\/p>\n\n\n\n<div style=\"height:var(--wp--preset--spacing--10)\" aria-hidden=\"true\" class=\"wp-block-spacer\"><\/div>\n\n\n\n<div class=\"wp-block-group is-vertical is-content-justification-center is-nowrap is-layout-flex wp-container-core-group-is-layout-2dc08cea wp-block-group-is-layout-flex\">\n<p class=\"has-text-align-center\" style=\"margin-top:var(--wp--preset--spacing--10);margin-bottom:0\">Griet und Bert<\/p>\n<\/div>\n<\/div>\n<\/div>\n<\/div>\n","protected":false},"excerpt":{"rendered":"<p>In Ginnekenshoeve kommen alle guten Dinge zusammen:Ruhe, Platz, hervorragende Einrichtungen und nat\u00fcrlich Gastfreundschaft.Ein Aufenthalt im Ginnekenshoeve bedeutet Entspannung in einer warmen, famili\u00e4ren Atmosph\u00e4re. Bed&amp;Breakfast und Ferienhaus Ginnekenshoeve wird am Wochenende als Ferienhaus f\u00fcr 8 bis 10 Personen vermietet. Unter der Woche werden die Zimmer einzeln mit Fr\u00fchst\u00fcck vermietet. Willkommen! Wir, Els und Rudy hei\u00dfen Sie [&hellip;]<\/p>\n","protected":false},"author":1,"featured_media":0,"parent":0,"menu_order":15,"comment_status":"closed","ping_status":"closed","template":"wp-custom-template-start-duits","meta":{"footnotes":""},"class_list":["post-943","page","type-page","status-publish","hentry"],"_links":{"self":[{"href":"https:\/\/www.ginnekenshoeve.be\/index.php\/wp-json\/wp\/v2\/pages\/943","targetHints":{"allow":["GET"]}}],"collection":[{"href":"https:\/\/www.ginnekenshoeve.be\/index.php\/wp-json\/wp\/v2\/pages"}],"about":[{"href":"https:\/\/www.ginnekenshoeve.be\/index.php\/wp-json\/wp\/v2\/types\/page"}],"author":[{"embeddable":true,"href":"https:\/\/www.ginnekenshoeve.be\/index.php\/wp-json\/wp\/v2\/users\/1"}],"replies":[{"embeddable":true,"href":"https:\/\/www.ginnekenshoeve.be\/index.php\/wp-json\/wp\/v2\/comments?post=943"}],"version-history":[{"count":5,"href":"https:\/\/www.ginnekenshoeve.be\/index.php\/wp-json\/wp\/v2\/pages\/943\/revisions"}],"predecessor-version":[{"id":1257,"href":"https:\/\/www.ginnekenshoeve.be\/index.php\/wp-json\/wp\/v2\/pages\/943\/revisions\/1257"}],"wp:attachment":[{"href":"https:\/\/www.ginnekenshoeve.be\/index.php\/wp-json\/wp\/v2\/media?parent=943"}],"curies":[{"name":"wp","href":"https:\/\/api.w.org\/{rel}","templated":true}]}}