{"id":820,"date":"2025-02-12T17:26:31","date_gmt":"2025-02-12T16:26:31","guid":{"rendered":"https:\/\/www.ginnekenshoeve.be\/?page_id=820"},"modified":"2025-02-16T18:01:31","modified_gmt":"2025-02-16T17:01:31","slug":"bien-etre","status":"publish","type":"page","link":"https:\/\/www.ginnekenshoeve.be\/index.php\/bien-etre\/","title":{"rendered":"Bien-\u00eatre"},"content":{"rendered":"\n<div class=\"wp-block-group has-global-padding is-layout-constrained wp-block-group-is-layout-constrained\">\n<p>Notre espace bien-\u00eatre se compose d&#8217;une salle avec sauna infrarouge, douche et WC. A c\u00f4t\u00e9 se trouve un salon avec une paroi vitr\u00e9e que vous pouvez faire coulisser pour l&#8217;ouvrir.<\/p>\n\n\n\n<p>\u00c0 l&#8217;ext\u00e9rieur, il y a un Ducktub (Hottub) chauff\u00e9 au bois.<\/p>\n\n\n\n<p>L&#8217;espace bien-\u00eatre ferme \u00e0 23h.<\/p>\n\n\n<div class=\"n2-section-smartslider fitvidsignore  n2_clear\" data-ssid=\"7\" style=\"height:800px;\"><div id=\"n2-ss-7-align\" class=\"n2-ss-align\"><div class=\"n2-padding\"><template id=\"n2-ss-7_t\" data-loading-type=\"afterOnLoad\"><div id=\"n2-ss-7\" data-creator=\"Smart Slider 3\" data-responsive=\"auto\" class=\"n2-ss-slider n2-ow n2-has-hover n2notransition  \">\n\n\n\n<div class=\"n2-ss-slider-wrapper-outside\" style=\"grid-template-rows:auto 1fr auto\"><div class=\"n2-ss-slider-controls n2-ss-slider-controls-above\"><div style=\"--widget-offset:8px;\" class=\"n2-ss-widget n2-ss-control-bullet n2-ow-all n2-ss-control-bullet-horizontal\"><div class=\" nextend-bullet-bar n2-bar-justify-content-center\" role=\"group\" aria-label=\"Choose slide to display.\"><div class=\"n2-bullet n2-style-785355f374be86c332d4665aae819858-dot \" style=\"visibility:hidden;\"><\/div><\/div><\/div><\/div><div class=\"n2-ss-slider-controls-side\"><div class=\"n2-ss-slider-controls n2-ss-slider-controls-absolute-left\"><div style=\"--widget-offset:8px;\" class=\"n2-ss-widget nextend-arrow n2-ow-all nextend-arrow-previous  nextend-arrow-animated-fade\" data-hide-mobileportrait=\"1\" id=\"n2-ss-7-arrow-previous\" role=\"button\" aria-label=\"previous arrow\" tabindex=\"0\"><img loading=\"lazy\" decoding=\"async\" width=\"32\" height=\"32\" class=\"skip-lazy\" data-skip-lazy=\"1\" src=\"data:image\/svg+xml;base64,PHN2ZyB3aWR0aD0iMzIiIGhlaWdodD0iMzIiIHZpZXdCb3g9IjAgMCAzMiAzMiIgeG1sbnM9Imh0dHA6Ly93d3cudzMub3JnLzIwMDAvc3ZnIj4KICAgIDxwYXRoIGQ9Ik0xMS40MzMgMTUuOTkyTDIyLjY5IDUuNzEyYy4zOTMtLjM5LjM5My0xLjAzIDAtMS40Mi0uMzkzLS4zOS0xLjAzLS4zOS0xLjQyMyAwbC0xMS45OCAxMC45NGMtLjIxLjIxLS4zLjQ5LS4yODUuNzYtLjAxNS4yOC4wNzUuNTYuMjg0Ljc3bDExLjk4IDEwLjk0Yy4zOTMuMzkgMS4wMy4zOSAxLjQyNCAwIC4zOTMtLjQuMzkzLTEuMDMgMC0xLjQybC0xMS4yNTctMTAuMjkiCiAgICAgICAgICBmaWxsPSIjZmZmZmZmIiBvcGFjaXR5PSIwLjgiIGZpbGwtcnVsZT0iZXZlbm9kZCIvPgo8L3N2Zz4=\" alt=\"previous arrow\"><\/div><\/div>\n        <div class=\"n2-ss-slider-1 n2_ss__touch_element n2-ow\">\n            <div class=\"n2-ss-slider-2 n2-ow\">\n                                                <div class=\"n2-ss-slider-3 n2-ow\">\n\n                    <div class=\"n2-ss-slide-backgrounds n2-ow-all\"><div class=\"n2-ss-slide-background\" data-public-id=\"1\" data-mode=\"fill\"><div class=\"n2-ss-slide-background-image\" data-blur=\"0\" data-opacity=\"100\" data-x=\"50\" data-y=\"50\" data-alt=\"\" data-title=\"\"><picture class=\"skip-lazy\" data-skip-lazy=\"1\"><img decoding=\"async\" src=\"\/\/www.ginnekenshoeve.be\/wp-content\/uploads\/slider\/cache\/a945a6c21c0b73512da246de1a3feb90\/WellnessGinnekenshoeve_27-1-scaled.jpg\" alt=\"\" title=\"\" loading=\"lazy\" class=\"skip-lazy\" data-skip-lazy=\"1\"><\/picture><\/div><div data-color=\"RGBA(255,255,255,0)\" style=\"background-color: RGBA(255,255,255,0);\" class=\"n2-ss-slide-background-color\"><\/div><\/div><div class=\"n2-ss-slide-background\" data-public-id=\"2\" data-mode=\"fill\" aria-hidden=\"true\"><div class=\"n2-ss-slide-background-image\" data-blur=\"0\" data-opacity=\"100\" data-x=\"50\" data-y=\"50\" data-alt=\"\" data-title=\"\"><picture class=\"skip-lazy\" data-skip-lazy=\"1\"><img decoding=\"async\" src=\"\/\/www.ginnekenshoeve.be\/wp-content\/uploads\/slider\/cache\/fafd34d5921864fe340020001ab2d496\/WellnessGinnekenshoeve_32-scaled.jpg\" alt=\"\" title=\"\" loading=\"lazy\" class=\"skip-lazy\" data-skip-lazy=\"1\"><\/picture><\/div><div data-color=\"RGBA(255,255,255,0)\" style=\"background-color: RGBA(255,255,255,0);\" class=\"n2-ss-slide-background-color\"><\/div><\/div><div class=\"n2-ss-slide-background\" data-public-id=\"3\" data-mode=\"fill\" aria-hidden=\"true\"><div class=\"n2-ss-slide-background-image\" data-blur=\"0\" data-opacity=\"100\" data-x=\"50\" data-y=\"50\" data-alt=\"\" data-title=\"\"><picture class=\"skip-lazy\" data-skip-lazy=\"1\"><img decoding=\"async\" src=\"\/\/www.ginnekenshoeve.be\/wp-content\/uploads\/slider\/cache\/ddb62b981a915ea65ca77bf3a201caf1\/WellnessGinnekenshoeve_37-scaled.jpg\" alt=\"\" title=\"\" loading=\"lazy\" class=\"skip-lazy\" data-skip-lazy=\"1\"><\/picture><\/div><div data-color=\"RGBA(255,255,255,0)\" style=\"background-color: RGBA(255,255,255,0);\" class=\"n2-ss-slide-background-color\"><\/div><\/div><div class=\"n2-ss-slide-background\" data-public-id=\"4\" data-mode=\"fill\" aria-hidden=\"true\"><div class=\"n2-ss-slide-background-image\" data-blur=\"0\" data-opacity=\"100\" data-x=\"50\" data-y=\"50\" data-alt=\"\" data-title=\"\"><picture class=\"skip-lazy\" data-skip-lazy=\"1\"><img decoding=\"async\" src=\"\/\/www.ginnekenshoeve.be\/wp-content\/uploads\/slider\/cache\/59a9a856cb05bd4923b7cbf7f1f1cf73\/GinnekenshoeveBeerse14_1200px.jpg\" alt=\"\" title=\"\" loading=\"lazy\" class=\"skip-lazy\" data-skip-lazy=\"1\"><\/picture><\/div><div data-color=\"RGBA(255,255,255,0)\" style=\"background-color: RGBA(255,255,255,0);\" class=\"n2-ss-slide-background-color\"><\/div><\/div><div class=\"n2-ss-slide-background\" data-public-id=\"5\" data-mode=\"fill\" aria-hidden=\"true\"><div class=\"n2-ss-slide-background-image\" data-blur=\"0\" data-opacity=\"100\" data-x=\"50\" data-y=\"50\" data-alt=\"\" data-title=\"\"><picture class=\"skip-lazy\" data-skip-lazy=\"1\"><img decoding=\"async\" src=\"\/\/www.ginnekenshoeve.be\/wp-content\/uploads\/slider\/cache\/ed5468b2521023204a9161a1c92a0c04\/GinnekenshoeveBeerse13_1200px.jpg\" alt=\"\" title=\"\" loading=\"lazy\" class=\"skip-lazy\" data-skip-lazy=\"1\"><\/picture><\/div><div data-color=\"RGBA(255,255,255,0)\" style=\"background-color: RGBA(255,255,255,0);\" class=\"n2-ss-slide-background-color\"><\/div><\/div><div class=\"n2-ss-slide-background\" data-public-id=\"6\" data-mode=\"fill\" aria-hidden=\"true\"><div class=\"n2-ss-slide-background-image\" data-blur=\"0\" data-opacity=\"100\" data-x=\"50\" data-y=\"50\" data-alt=\"\" data-title=\"\"><picture class=\"skip-lazy\" data-skip-lazy=\"1\"><img decoding=\"async\" src=\"\/\/www.ginnekenshoeve.be\/wp-content\/uploads\/slider\/cache\/4c4eb205da7fc69ac445637f19cdda4c\/WellnessGinnekenshoeve_33-scaled.jpg\" alt=\"\" title=\"\" loading=\"lazy\" class=\"skip-lazy\" data-skip-lazy=\"1\"><\/picture><\/div><div data-color=\"RGBA(255,255,255,0)\" style=\"background-color: RGBA(255,255,255,0);\" class=\"n2-ss-slide-background-color\"><\/div><\/div><div class=\"n2-ss-slide-background\" data-public-id=\"7\" data-mode=\"fill\" aria-hidden=\"true\"><div class=\"n2-ss-slide-background-image\" data-blur=\"0\" data-opacity=\"100\" data-x=\"50\" data-y=\"50\" data-alt=\"\" data-title=\"\"><picture class=\"skip-lazy\" data-skip-lazy=\"1\"><img decoding=\"async\" src=\"\/\/www.ginnekenshoeve.be\/wp-content\/uploads\/slider\/cache\/4a01fd1e9c2f355f08b962fc99d8f554\/GinnekenshoeveBeerse3_1200px-1.jpg\" alt=\"\" title=\"\" loading=\"lazy\" class=\"skip-lazy\" data-skip-lazy=\"1\"><\/picture><\/div><div data-color=\"RGBA(255,255,255,0)\" style=\"background-color: RGBA(255,255,255,0);\" class=\"n2-ss-slide-background-color\"><\/div><\/div><div class=\"n2-ss-slide-background\" data-public-id=\"8\" data-mode=\"fill\" aria-hidden=\"true\"><div class=\"n2-ss-slide-background-image\" data-blur=\"0\" data-opacity=\"100\" data-x=\"50\" data-y=\"50\" data-alt=\"\" data-title=\"\"><picture class=\"skip-lazy\" data-skip-lazy=\"1\"><img decoding=\"async\" src=\"\/\/www.ginnekenshoeve.be\/wp-content\/uploads\/slider\/cache\/5a0a322342e3a7c53ce3903dcf8fafc7\/WellnessGinnekenshoeve_35-scaled.jpg\" alt=\"\" title=\"\" loading=\"lazy\" class=\"skip-lazy\" data-skip-lazy=\"1\"><\/picture><\/div><div data-color=\"RGBA(255,255,255,0)\" style=\"background-color: RGBA(255,255,255,0);\" class=\"n2-ss-slide-background-color\"><\/div><\/div><div class=\"n2-ss-slide-background\" data-public-id=\"9\" data-mode=\"fill\" aria-hidden=\"true\"><div class=\"n2-ss-slide-background-image\" data-blur=\"0\" data-opacity=\"100\" data-x=\"50\" data-y=\"50\" data-alt=\"\" data-title=\"\"><picture class=\"skip-lazy\" data-skip-lazy=\"1\"><img decoding=\"async\" src=\"\/\/www.ginnekenshoeve.be\/wp-content\/uploads\/slider\/cache\/8f829e5caf48f014bba3187adecf523e\/VakantiehuisGinnekenshoeve_36-scaled.jpg\" alt=\"\" title=\"\" loading=\"lazy\" class=\"skip-lazy\" data-skip-lazy=\"1\"><\/picture><\/div><div data-color=\"RGBA(255,255,255,0)\" style=\"background-color: RGBA(255,255,255,0);\" class=\"n2-ss-slide-background-color\"><\/div><\/div><div class=\"n2-ss-slide-background\" data-public-id=\"10\" data-mode=\"fill\" aria-hidden=\"true\"><div class=\"n2-ss-slide-background-image\" data-blur=\"0\" data-opacity=\"100\" data-x=\"50\" data-y=\"50\" data-alt=\"\" data-title=\"\"><picture class=\"skip-lazy\" data-skip-lazy=\"1\"><img decoding=\"async\" src=\"\/\/www.ginnekenshoeve.be\/wp-content\/uploads\/slider\/cache\/89878a4294c2f354f6e27148de555674\/VakantiehuisGinnekenshoeve_30-scaled.jpg\" alt=\"\" title=\"\" loading=\"lazy\" class=\"skip-lazy\" data-skip-lazy=\"1\"><\/picture><\/div><div data-color=\"RGBA(255,255,255,0)\" style=\"background-color: RGBA(255,255,255,0);\" class=\"n2-ss-slide-background-color\"><\/div><\/div><\/div>                    <div class=\"n2-ss-slider-4 n2-ow\">\n                        <svg xmlns=\"http:\/\/www.w3.org\/2000\/svg\" viewBox=\"0 0 1200 800\" data-related-device=\"desktopPortrait\" class=\"n2-ow n2-ss-preserve-size n2-ss-preserve-size--slider n2-ss-slide-limiter\"><\/svg><div data-first=\"1\" data-slide-duration=\"0\" data-id=\"172\" data-slide-public-id=\"1\" data-title=\"WellnessGinnekenshoeve_27\" class=\"n2-ss-slide n2-ow  n2-ss-slide-172\"><div role=\"note\" class=\"n2-ss-slide--focus\" tabindex=\"-1\">WellnessGinnekenshoeve_27<\/div><div class=\"n2-ss-layers-container n2-ss-slide-limiter n2-ow\"><div class=\"n2-ss-layer n2-ow n-uc-RX7B5ecvJUxC\" data-sstype=\"slide\" data-pm=\"default\"><\/div><\/div><\/div><div data-slide-duration=\"0\" data-id=\"176\" data-slide-public-id=\"2\" aria-hidden=\"true\" data-title=\"WellnessGinnekenshoeve_32\" class=\"n2-ss-slide n2-ow  n2-ss-slide-176\"><div role=\"note\" class=\"n2-ss-slide--focus\" tabindex=\"-1\">WellnessGinnekenshoeve_32<\/div><div class=\"n2-ss-layers-container n2-ss-slide-limiter n2-ow\"><div class=\"n2-ss-layer n2-ow n-uc-vrpnCNieLJ6X\" data-sstype=\"slide\" data-pm=\"default\"><\/div><\/div><\/div><div data-slide-duration=\"0\" data-id=\"173\" data-slide-public-id=\"3\" aria-hidden=\"true\" data-title=\"WellnessGinnekenshoeve_37\" class=\"n2-ss-slide n2-ow  n2-ss-slide-173\"><div role=\"note\" class=\"n2-ss-slide--focus\" tabindex=\"-1\">WellnessGinnekenshoeve_37<\/div><div class=\"n2-ss-layers-container n2-ss-slide-limiter n2-ow\"><div class=\"n2-ss-layer n2-ow n-uc-kifcPzZNIdSx\" data-sstype=\"slide\" data-pm=\"default\"><\/div><\/div><\/div><div data-slide-duration=\"0\" data-id=\"177\" data-slide-public-id=\"4\" aria-hidden=\"true\" data-title=\"GinnekenshoeveBeerse14_1200px\" class=\"n2-ss-slide n2-ow  n2-ss-slide-177\"><div role=\"note\" class=\"n2-ss-slide--focus\" tabindex=\"-1\">GinnekenshoeveBeerse14_1200px<\/div><div class=\"n2-ss-layers-container n2-ss-slide-limiter n2-ow\"><div class=\"n2-ss-layer n2-ow n-uc-fpr9uzKYiyGb\" data-sstype=\"slide\" data-pm=\"default\"><\/div><\/div><\/div><div data-slide-duration=\"0\" data-id=\"178\" data-slide-public-id=\"5\" aria-hidden=\"true\" data-title=\"GinnekenshoeveBeerse13_1200px\" class=\"n2-ss-slide n2-ow  n2-ss-slide-178\"><div role=\"note\" class=\"n2-ss-slide--focus\" tabindex=\"-1\">GinnekenshoeveBeerse13_1200px<\/div><div class=\"n2-ss-layers-container n2-ss-slide-limiter n2-ow\"><div class=\"n2-ss-layer n2-ow n-uc-WdMETGZZtSIq\" data-sstype=\"slide\" data-pm=\"default\"><\/div><\/div><\/div><div data-slide-duration=\"0\" data-id=\"179\" data-slide-public-id=\"6\" aria-hidden=\"true\" data-title=\"WellnessGinnekenshoeve_33\" class=\"n2-ss-slide n2-ow  n2-ss-slide-179\"><div role=\"note\" class=\"n2-ss-slide--focus\" tabindex=\"-1\">WellnessGinnekenshoeve_33<\/div><div class=\"n2-ss-layers-container n2-ss-slide-limiter n2-ow\"><div class=\"n2-ss-layer n2-ow n-uc-wrj3jqpXUgKb\" data-sstype=\"slide\" data-pm=\"default\"><\/div><\/div><\/div><div data-slide-duration=\"0\" data-id=\"180\" data-slide-public-id=\"7\" aria-hidden=\"true\" data-title=\"GinnekenshoeveBeerse3_1200px\" class=\"n2-ss-slide n2-ow  n2-ss-slide-180\"><div role=\"note\" class=\"n2-ss-slide--focus\" tabindex=\"-1\">GinnekenshoeveBeerse3_1200px<\/div><div class=\"n2-ss-layers-container n2-ss-slide-limiter n2-ow\"><div class=\"n2-ss-layer n2-ow n-uc-rFtKce2JQrHt\" data-sstype=\"slide\" data-pm=\"default\"><\/div><\/div><\/div><div data-slide-duration=\"0\" data-id=\"181\" data-slide-public-id=\"8\" aria-hidden=\"true\" data-title=\"WellnessGinnekenshoeve_35\" class=\"n2-ss-slide n2-ow  n2-ss-slide-181\"><div role=\"note\" class=\"n2-ss-slide--focus\" tabindex=\"-1\">WellnessGinnekenshoeve_35<\/div><div class=\"n2-ss-layers-container n2-ss-slide-limiter n2-ow\"><div class=\"n2-ss-layer n2-ow n-uc-k5qoAIN7hYFw\" data-sstype=\"slide\" data-pm=\"default\"><\/div><\/div><\/div><div data-slide-duration=\"0\" data-id=\"182\" data-slide-public-id=\"9\" aria-hidden=\"true\" data-title=\"VakantiehuisGinnekenshoeve_36\" class=\"n2-ss-slide n2-ow  n2-ss-slide-182\"><div role=\"note\" class=\"n2-ss-slide--focus\" tabindex=\"-1\">VakantiehuisGinnekenshoeve_36<\/div><div class=\"n2-ss-layers-container n2-ss-slide-limiter n2-ow\"><div class=\"n2-ss-layer n2-ow n-uc-RPjjm6S11bvk\" data-sstype=\"slide\" data-pm=\"default\"><\/div><\/div><\/div><div data-slide-duration=\"0\" data-id=\"191\" data-slide-public-id=\"10\" aria-hidden=\"true\" data-title=\"VakantiehuisGinnekenshoeve_30\" class=\"n2-ss-slide n2-ow  n2-ss-slide-191\"><div role=\"note\" class=\"n2-ss-slide--focus\" tabindex=\"-1\">VakantiehuisGinnekenshoeve_30<\/div><div class=\"n2-ss-layers-container n2-ss-slide-limiter n2-ow\"><div class=\"n2-ss-layer n2-ow n-uc-nG4AG4sks5jl\" data-sstype=\"slide\" data-pm=\"default\"><\/div><\/div><\/div>                    <\/div>\n\n                                    <\/div>\n            <\/div>\n        <\/div>\n        <div class=\"n2-ss-slider-controls n2-ss-slider-controls-absolute-right\"><div style=\"--widget-offset:8px;\" class=\"n2-ss-widget nextend-arrow n2-ow-all nextend-arrow-next  nextend-arrow-animated-fade\" data-hide-mobileportrait=\"1\" id=\"n2-ss-7-arrow-next\" role=\"button\" aria-label=\"next arrow\" tabindex=\"0\"><img loading=\"lazy\" decoding=\"async\" width=\"32\" height=\"32\" class=\"skip-lazy\" data-skip-lazy=\"1\" src=\"data:image\/svg+xml;base64,PHN2ZyB3aWR0aD0iMzIiIGhlaWdodD0iMzIiIHZpZXdCb3g9IjAgMCAzMiAzMiIgeG1sbnM9Imh0dHA6Ly93d3cudzMub3JnLzIwMDAvc3ZnIj4KICAgIDxwYXRoIGQ9Ik0xMC43MjIgNC4yOTNjLS4zOTQtLjM5LTEuMDMyLS4zOS0xLjQyNyAwLS4zOTMuMzktLjM5MyAxLjAzIDAgMS40MmwxMS4yODMgMTAuMjgtMTEuMjgzIDEwLjI5Yy0uMzkzLjM5LS4zOTMgMS4wMiAwIDEuNDIuMzk1LjM5IDEuMDMzLjM5IDEuNDI3IDBsMTIuMDA3LTEwLjk0Yy4yMS0uMjEuMy0uNDkuMjg0LS43Ny4wMTQtLjI3LS4wNzYtLjU1LS4yODYtLjc2TDEwLjcyIDQuMjkzeiIKICAgICAgICAgIGZpbGw9IiNmZmZmZmYiIG9wYWNpdHk9IjAuOCIgZmlsbC1ydWxlPSJldmVub2RkIi8+Cjwvc3ZnPg==\" alt=\"next arrow\"><\/div><\/div><\/div><div class=\"n2-ss-slider-controls n2-ss-slider-controls-below\"><div class=\"n2-ss-widget nextend-shadow n2-ow-all\"><img decoding=\"async\" width=\"1120\" height=\"50\" style=\"display: block; width:100%;max-width:none;\" class=\"nextend-shadow-image skip-lazy\" loading=\"lazy\" data-skip-lazy=\"1\" src=\"https:\/\/www.ginnekenshoeve.be\/wp-content\/plugins\/smart-slider-3\/Public\/SmartSlider3\/Widget\/Shadow\/ShadowImage\/Assets\/shadow\/dark.png\" alt=\"Shadow\"><\/div><\/div><\/div><\/div><\/template><ss3-loader><\/ss3-loader><\/div><\/div><div class=\"n2_clear\"><\/div><\/div>\n\n\n<h4 class=\"wp-block-heading\"><strong>Maison de vacances<\/strong><\/h4>\n\n\n\n<p>Si vous louez notre h\u00e9bergement en maison de vacances d&#8217;octobre \u00e0 mi-mai, l&#8217;espace bien-\u00eatre est inclus dans le prix. La piscine n&#8217;est pas chauff\u00e9e pendant cette p\u00e9riode.<\/p>\n\n\n\n<div class=\"wp-block-buttons is-layout-flex wp-block-buttons-is-layout-flex\">\n<div class=\"wp-block-button\"><a class=\"wp-block-button__link has-text-align-center wp-element-button\" href=\"\/index.php\/maison-de-vacances\/\">maison de vacances<\/a><\/div>\n<\/div>\n\n\n\n<h4 class=\"wp-block-heading\"><strong>Chambre d&#8217;h\u00f4tes<\/strong><\/h4>\n\n\n\n<p>Les personnes r\u00e9servant une chambre avec petit-d\u00e9jeuner peuvent louer l&#8217;espace bien-\u00eatre pour 70 \u20ac par soir\u00e9e pour un maximum de 2 personnes. 25\u20ac par personne suppl\u00e9mentaire.<\/p>\n\n\n\n<div class=\"wp-block-buttons is-layout-flex wp-block-buttons-is-layout-flex\">\n<div class=\"wp-block-button is-style-fill\"><a class=\"wp-block-button__link has-text-align-center wp-element-button\" href=\"\/index.php\/chambres\/\">Chambres d&#8217;h\u00f4tes<\/a><\/div>\n<\/div>\n<\/div>\n","protected":false},"excerpt":{"rendered":"<p>Notre espace bien-\u00eatre se compose d&#8217;une salle avec sauna infrarouge, douche et WC. A c\u00f4t\u00e9 se trouve un salon avec une paroi vitr\u00e9e que vous pouvez faire coulisser pour l&#8217;ouvrir. \u00c0 l&#8217;ext\u00e9rieur, il y a un Ducktub (Hottub) chauff\u00e9 au bois. L&#8217;espace bien-\u00eatre ferme \u00e0 23h. Maison de vacances Si vous louez notre h\u00e9bergement en [&hellip;]<\/p>\n","protected":false},"author":1,"featured_media":0,"parent":0,"menu_order":11,"comment_status":"closed","ping_status":"closed","template":"wp-custom-template-pagina-frans","meta":{"footnotes":""},"class_list":["post-820","page","type-page","status-publish","hentry"],"_links":{"self":[{"href":"https:\/\/www.ginnekenshoeve.be\/index.php\/wp-json\/wp\/v2\/pages\/820","targetHints":{"allow":["GET"]}}],"collection":[{"href":"https:\/\/www.ginnekenshoeve.be\/index.php\/wp-json\/wp\/v2\/pages"}],"about":[{"href":"https:\/\/www.ginnekenshoeve.be\/index.php\/wp-json\/wp\/v2\/types\/page"}],"author":[{"embeddable":true,"href":"https:\/\/www.ginnekenshoeve.be\/index.php\/wp-json\/wp\/v2\/users\/1"}],"replies":[{"embeddable":true,"href":"https:\/\/www.ginnekenshoeve.be\/index.php\/wp-json\/wp\/v2\/comments?post=820"}],"version-history":[{"count":5,"href":"https:\/\/www.ginnekenshoeve.be\/index.php\/wp-json\/wp\/v2\/pages\/820\/revisions"}],"predecessor-version":[{"id":1213,"href":"https:\/\/www.ginnekenshoeve.be\/index.php\/wp-json\/wp\/v2\/pages\/820\/revisions\/1213"}],"wp:attachment":[{"href":"https:\/\/www.ginnekenshoeve.be\/index.php\/wp-json\/wp\/v2\/media?parent=820"}],"curies":[{"name":"wp","href":"https:\/\/api.w.org\/{rel}","templated":true}]}}