{"id":798,"date":"2025-02-11T17:00:07","date_gmt":"2025-02-11T16:00:07","guid":{"rendered":"https:\/\/www.ginnekenshoeve.be\/?page_id=798"},"modified":"2025-02-16T17:57:58","modified_gmt":"2025-02-16T16:57:58","slug":"start-frans","status":"publish","type":"page","link":"https:\/\/www.ginnekenshoeve.be\/index.php\/start-frans\/","title":{"rendered":"Start Frans"},"content":{"rendered":"\n<div class=\"wp-block-group has-global-padding is-layout-constrained wp-block-group-is-layout-constrained\">\n<div class=\"wp-block-group has-global-padding is-layout-constrained wp-container-core-group-is-layout-e555385e wp-block-group-is-layout-constrained\" style=\"border-style:none;border-width:0px;border-radius:0px\">\n<div style=\"height:1.25rem\" aria-hidden=\"true\" class=\"wp-block-spacer\"><\/div>\n\n\n\n<p class=\"has-text-align-center has-contrast-color has-base-background-color has-text-color has-background has-link-color has-heading-font-family has-large-font-size wp-elements-30d5b71dfce8ef58992ad7402afe950c\">\u00c0 Ginnekenshoeve, <br>toutes les bonnes choses sont r\u00e9unies : calme, espace, excellentes installations et hospitalit\u00e9 naturelle.<br>Un s\u00e9jour \u00e0 Ginnekenshoeve signifie se d\u00e9tendre dans une atmosph\u00e8re chaleureuse et familiale.<\/p>\n\n\n\n<div style=\"height:1.25rem\" aria-hidden=\"true\" class=\"wp-block-spacer\"><\/div>\n<\/div>\n\n\n\n<div class=\"wp-block-group alignfull has-global-padding is-layout-constrained wp-container-core-group-is-layout-d89aad35 wp-block-group-is-layout-constrained\" style=\"margin-top:0;margin-bottom:0;padding-top:var(--wp--preset--spacing--50);padding-right:var(--wp--preset--spacing--50);padding-bottom:var(--wp--preset--spacing--50);padding-left:var(--wp--preset--spacing--50)\">\n<div class=\"wp-block-group alignwide has-global-padding is-layout-constrained wp-container-core-group-is-layout-19e250f3 wp-block-group-is-layout-constrained\">\n<div class=\"wp-block-group is-vertical is-content-justification-center is-layout-flex wp-container-core-group-is-layout-6329a8f3 wp-block-group-is-layout-flex\">\n<h2 class=\"wp-block-heading has-text-align-center is-style-asterisk\">B&amp;B et Maison de Vacances<\/h2>\n\n\n\n<p class=\"has-text-align-center\">Ginnekenshoeve est lou\u00e9e le week-end comme maison de vacances pour 8 \u00e0 10 personnes. Pendant la semaine, les chambres sont lou\u00e9es s\u00e9par\u00e9ment en formule bed &amp; breakfast.<\/p>\n<\/div>\n\n\n\n<div style=\"height:var(--wp--preset--spacing--30)\" aria-hidden=\"true\" class=\"wp-block-spacer\"><\/div>\n\n\n\n<div class=\"wp-block-buttons is-content-justification-center is-layout-flex wp-container-core-buttons-is-layout-a89b3969 wp-block-buttons-is-layout-flex\">\n<div class=\"wp-block-button\"><a class=\"wp-block-button__link wp-element-button\" href=\"\/index.php\/chambres\/\">B&amp;B Chambres d&#8217;h\u00f4tes<\/a><\/div>\n\n\n\n<div class=\"wp-block-button\"><a class=\"wp-block-button__link wp-element-button\" href=\"\/index.php\/maison-de-vacances\/\">Maison de Vacances<\/a><\/div>\n<\/div>\n<\/div>\n<\/div>\n\n\n\n<div class=\"wp-block-group alignfull has-base-2-background-color has-background has-global-padding is-layout-constrained wp-container-core-group-is-layout-669513ed wp-block-group-is-layout-constrained\" style=\"margin-top:0;margin-bottom:0;padding-top:var(--wp--preset--spacing--50);padding-right:var(--wp--preset--spacing--50);padding-bottom:var(--wp--preset--spacing--50);padding-left:var(--wp--preset--spacing--50)\">\n<div class=\"wp-block-group is-vertical is-content-justification-center is-layout-flex wp-container-core-group-is-layout-52b864f0 wp-block-group-is-layout-flex\">\n<h2 class=\"wp-block-heading has-text-align-center is-style-asterisk\">Vous \u00eates les bienvenus!<\/h2>\n\n\n\n<div style=\"height:0px\" aria-hidden=\"true\" class=\"wp-block-spacer wp-container-content-4f2ccadb\"><\/div>\n\n\n\n<p class=\"has-text-align-center\">Els et Rudy, vous souhaitent la bienvenue dans notre chambre d&#8217;h\u00f4tes\/maison de vacances enti\u00e8rement r\u00e9nov\u00e9e situ\u00e9e \u00e0 Beerse, au c\u0153ur de la Campine anversoise.<\/p>\n\n\n\n<figure class=\"wp-block-image size-large\"><img loading=\"lazy\" decoding=\"async\" width=\"1024\" height=\"683\" src=\"https:\/\/www.ginnekenshoeve.be\/wp-content\/uploads\/2023\/11\/8V1A8330-1024x683.jpg\" alt=\"\" class=\"wp-image-49\" srcset=\"https:\/\/www.ginnekenshoeve.be\/wp-content\/uploads\/2023\/11\/8V1A8330-1024x683.jpg 1024w, https:\/\/www.ginnekenshoeve.be\/wp-content\/uploads\/2023\/11\/8V1A8330-300x200.jpg 300w, https:\/\/www.ginnekenshoeve.be\/wp-content\/uploads\/2023\/11\/8V1A8330-768x512.jpg 768w, https:\/\/www.ginnekenshoeve.be\/wp-content\/uploads\/2023\/11\/8V1A8330-1536x1025.jpg 1536w\" sizes=\"auto, (max-width: 1024px) 100vw, 1024px\" \/><\/figure>\n<\/div>\n\n\n\n<div class=\"wp-block-buttons is-content-justification-center is-layout-flex wp-container-core-buttons-is-layout-a89b3969 wp-block-buttons-is-layout-flex\">\n<div class=\"wp-block-button\"><a class=\"wp-block-button__link wp-element-button\" href=\"https:\/\/www.ginnekenshoeve.be\/index.php\/contact-frans\/\">contactez-nous<\/a><\/div>\n<\/div>\n\n\n\n<div style=\"margin-top:0;margin-bottom:0;height:var(--wp--preset--spacing--40)\" aria-hidden=\"true\" class=\"wp-block-spacer\"><\/div>\n\n\n\n<div class=\"wp-block-columns alignwide is-layout-flex wp-container-core-columns-is-layout-d0bbbce0 wp-block-columns-is-layout-flex\">\n<div class=\"wp-block-column is-layout-flow wp-container-core-column-is-layout-e3d1c41b wp-block-column-is-layout-flow\">\n<h2 class=\"wp-block-heading has-text-align-left is-style-asterisk has-heading-font-family has-medium-font-size\" style=\"font-style:normal;font-weight:600\">Rencontre Chaleureuse<\/h2>\n\n\n\n<p class=\"has-text-align-left\">L&#8217;ancienne ferme carr\u00e9e comprend quatre chambres \u00e9l\u00e9gantes et spacieuses qui garantissent une merveilleuse nuit de sommeil. L&#8217;espace commun avec coin TV et cuisine enti\u00e8rement \u00e9quip\u00e9e avec po\u00eale \u00e0 granul\u00e9s est un lieu de s\u00e9jour agr\u00e9able.<\/p>\n<\/div>\n\n\n\n<div class=\"wp-block-column is-layout-flow wp-container-core-column-is-layout-e3d1c41b wp-block-column-is-layout-flow\" style=\"flex-basis:500px\">\n<div style=\"height:10px\" aria-hidden=\"true\" class=\"wp-block-spacer\"><\/div>\n\n\n\n<figure data-wp-context=\"{&quot;imageId&quot;:&quot;69f75566c6ff6&quot;}\" data-wp-interactive=\"core\/image\" data-wp-key=\"69f75566c6ff6\" class=\"wp-block-image size-large wp-lightbox-container\"><img loading=\"lazy\" decoding=\"async\" width=\"1024\" height=\"683\" data-wp-class--hide=\"state.isContentHidden\" data-wp-class--show=\"state.isContentVisible\" data-wp-init=\"callbacks.setButtonStyles\" data-wp-on--click=\"actions.showLightbox\" data-wp-on--load=\"callbacks.setButtonStyles\" data-wp-on-window--resize=\"callbacks.setButtonStyles\" src=\"https:\/\/www.ginnekenshoeve.be\/wp-content\/uploads\/2023\/12\/GinnekenshoeveBeerse24_1200px-1-1024x683.jpg\" alt=\"\" class=\"wp-image-368\" style=\"aspect-ratio:16\/9;object-fit:cover\" srcset=\"https:\/\/www.ginnekenshoeve.be\/wp-content\/uploads\/2023\/12\/GinnekenshoeveBeerse24_1200px-1-1024x683.jpg 1024w, https:\/\/www.ginnekenshoeve.be\/wp-content\/uploads\/2023\/12\/GinnekenshoeveBeerse24_1200px-1-300x200.jpg 300w, https:\/\/www.ginnekenshoeve.be\/wp-content\/uploads\/2023\/12\/GinnekenshoeveBeerse24_1200px-1-768x512.jpg 768w, https:\/\/www.ginnekenshoeve.be\/wp-content\/uploads\/2023\/12\/GinnekenshoeveBeerse24_1200px-1.jpg 1200w\" sizes=\"auto, (max-width: 1024px) 100vw, 1024px\" \/><button\n\t\t\tclass=\"lightbox-trigger\"\n\t\t\ttype=\"button\"\n\t\t\taria-haspopup=\"dialog\"\n\t\t\taria-label=\"Vergroten\"\n\t\t\tdata-wp-init=\"callbacks.initTriggerButton\"\n\t\t\tdata-wp-on--click=\"actions.showLightbox\"\n\t\t\tdata-wp-style--right=\"state.imageButtonRight\"\n\t\t\tdata-wp-style--top=\"state.imageButtonTop\"\n\t\t>\n\t\t\t<svg xmlns=\"http:\/\/www.w3.org\/2000\/svg\" width=\"12\" height=\"12\" fill=\"none\" viewBox=\"0 0 12 12\">\n\t\t\t\t<path fill=\"#fff\" d=\"M2 0a2 2 0 0 0-2 2v2h1.5V2a.5.5 0 0 1 .5-.5h2V0H2Zm2 10.5H2a.5.5 0 0 1-.5-.5V8H0v2a2 2 0 0 0 2 2h2v-1.5ZM8 12v-1.5h2a.5.5 0 0 0 .5-.5V8H12v2a2 2 0 0 1-2 2H8Zm2-12a2 2 0 0 1 2 2v2h-1.5V2a.5.5 0 0 0-.5-.5H8V0h2Z\" \/>\n\t\t\t<\/svg>\n\t\t<\/button><\/figure>\n<\/div>\n<\/div>\n\n\n\n<div class=\"wp-block-columns alignwide is-layout-flex wp-container-core-columns-is-layout-d0bbbce0 wp-block-columns-is-layout-flex\">\n<div class=\"wp-block-column is-layout-flow wp-container-core-column-is-layout-e3d1c41b wp-block-column-is-layout-flow\">\n<h2 class=\"wp-block-heading has-text-align-left is-style-asterisk has-heading-font-family has-medium-font-size\" style=\"font-style:normal;font-weight:600\"><strong>Cour avec espace bien-\u00eatre&nbsp;!<\/strong><\/h2>\n\n\n\n<p class=\"has-text-align-left\">A l&#8217;ext\u00e9rieur, vous pourrez vous d\u00e9tendre compl\u00e8tement dans notre cour avec terrasse, espace bien-\u00eatre et piscine.<br><\/p>\n<\/div>\n\n\n\n<div class=\"wp-block-column is-layout-flow wp-container-core-column-is-layout-e3d1c41b wp-block-column-is-layout-flow\" style=\"flex-basis:500px\">\n<div style=\"height:10px\" aria-hidden=\"true\" class=\"wp-block-spacer\"><\/div>\n\n\n\n<figure data-wp-context=\"{&quot;imageId&quot;:&quot;69f75566c781f&quot;}\" data-wp-interactive=\"core\/image\" data-wp-key=\"69f75566c781f\" class=\"wp-block-image size-large wp-lightbox-container\"><img loading=\"lazy\" decoding=\"async\" width=\"1024\" height=\"683\" data-wp-class--hide=\"state.isContentHidden\" data-wp-class--show=\"state.isContentVisible\" data-wp-init=\"callbacks.setButtonStyles\" data-wp-on--click=\"actions.showLightbox\" data-wp-on--load=\"callbacks.setButtonStyles\" data-wp-on-window--resize=\"callbacks.setButtonStyles\" src=\"https:\/\/www.ginnekenshoeve.be\/wp-content\/uploads\/2023\/12\/WellnessGinnekenshoeve_27-1024x683.jpg\" alt=\"\" class=\"wp-image-369\" style=\"aspect-ratio:16\/9;object-fit:cover\" srcset=\"https:\/\/www.ginnekenshoeve.be\/wp-content\/uploads\/2023\/12\/WellnessGinnekenshoeve_27-1024x683.jpg 1024w, https:\/\/www.ginnekenshoeve.be\/wp-content\/uploads\/2023\/12\/WellnessGinnekenshoeve_27-300x200.jpg 300w, https:\/\/www.ginnekenshoeve.be\/wp-content\/uploads\/2023\/12\/WellnessGinnekenshoeve_27-768x512.jpg 768w, https:\/\/www.ginnekenshoeve.be\/wp-content\/uploads\/2023\/12\/WellnessGinnekenshoeve_27-1536x1025.jpg 1536w, https:\/\/www.ginnekenshoeve.be\/wp-content\/uploads\/2023\/12\/WellnessGinnekenshoeve_27-2048x1366.jpg 2048w\" sizes=\"auto, (max-width: 1024px) 100vw, 1024px\" \/><button\n\t\t\tclass=\"lightbox-trigger\"\n\t\t\ttype=\"button\"\n\t\t\taria-haspopup=\"dialog\"\n\t\t\taria-label=\"Vergroten\"\n\t\t\tdata-wp-init=\"callbacks.initTriggerButton\"\n\t\t\tdata-wp-on--click=\"actions.showLightbox\"\n\t\t\tdata-wp-style--right=\"state.imageButtonRight\"\n\t\t\tdata-wp-style--top=\"state.imageButtonTop\"\n\t\t>\n\t\t\t<svg xmlns=\"http:\/\/www.w3.org\/2000\/svg\" width=\"12\" height=\"12\" fill=\"none\" viewBox=\"0 0 12 12\">\n\t\t\t\t<path fill=\"#fff\" d=\"M2 0a2 2 0 0 0-2 2v2h1.5V2a.5.5 0 0 1 .5-.5h2V0H2Zm2 10.5H2a.5.5 0 0 1-.5-.5V8H0v2a2 2 0 0 0 2 2h2v-1.5ZM8 12v-1.5h2a.5.5 0 0 0 .5-.5V8H12v2a2 2 0 0 1-2 2H8Zm2-12a2 2 0 0 1 2 2v2h-1.5V2a.5.5 0 0 0-.5-.5H8V0h2Z\" \/>\n\t\t\t<\/svg>\n\t\t<\/button><\/figure>\n<\/div>\n<\/div>\n\n\n\n<div style=\"height:var(--wp--preset--spacing--20)\" aria-hidden=\"true\" class=\"wp-block-spacer\"><\/div>\n\n\n\n<div class=\"wp-block-columns alignwide is-layout-flex wp-container-core-columns-is-layout-d0bbbce0 wp-block-columns-is-layout-flex\">\n<div class=\"wp-block-column is-layout-flow wp-container-core-column-is-layout-e3d1c41b wp-block-column-is-layout-flow\">\n<h2 class=\"wp-block-heading has-text-align-left is-style-asterisk has-heading-font-family has-medium-font-size\" style=\"font-style:normal;font-weight:600\"><strong>Belle r\u00e9serve naturelle&nbsp;!<\/strong><\/h2>\n\n\n\n<p class=\"has-text-align-left\">Au d\u00e9part de notre magnifique emplacement avec jardin \u00e9cologique, vous pouvez faire de la marche ou du v\u00e9lo directement dans la r\u00e9serve naturelle adjacente. Vous pourrez vous d\u00e9tendre lors d&#8217;une pause culinaire dans l&#8217;un des nombreux restaurants de la r\u00e9gion.<\/p>\n<\/div>\n\n\n\n<div class=\"wp-block-column is-layout-flow wp-container-core-column-is-layout-e3d1c41b wp-block-column-is-layout-flow\" style=\"flex-basis:500px\">\n<div style=\"height:10px\" aria-hidden=\"true\" class=\"wp-block-spacer\"><\/div>\n\n\n\n<figure data-wp-context=\"{&quot;imageId&quot;:&quot;69f75566c7fcb&quot;}\" data-wp-interactive=\"core\/image\" data-wp-key=\"69f75566c7fcb\" class=\"wp-block-image size-large wp-lightbox-container\"><img loading=\"lazy\" decoding=\"async\" width=\"1024\" height=\"683\" data-wp-class--hide=\"state.isContentHidden\" data-wp-class--show=\"state.isContentVisible\" data-wp-init=\"callbacks.setButtonStyles\" data-wp-on--click=\"actions.showLightbox\" data-wp-on--load=\"callbacks.setButtonStyles\" data-wp-on-window--resize=\"callbacks.setButtonStyles\" src=\"https:\/\/www.ginnekenshoeve.be\/wp-content\/uploads\/2023\/12\/OmgevingGinnekenshoeve6-1024x683.jpg\" alt=\"\" class=\"wp-image-370\" style=\"aspect-ratio:16\/9;object-fit:cover\" srcset=\"https:\/\/www.ginnekenshoeve.be\/wp-content\/uploads\/2023\/12\/OmgevingGinnekenshoeve6-1024x683.jpg 1024w, https:\/\/www.ginnekenshoeve.be\/wp-content\/uploads\/2023\/12\/OmgevingGinnekenshoeve6-300x200.jpg 300w, https:\/\/www.ginnekenshoeve.be\/wp-content\/uploads\/2023\/12\/OmgevingGinnekenshoeve6-768x512.jpg 768w, https:\/\/www.ginnekenshoeve.be\/wp-content\/uploads\/2023\/12\/OmgevingGinnekenshoeve6-1536x1025.jpg 1536w, https:\/\/www.ginnekenshoeve.be\/wp-content\/uploads\/2023\/12\/OmgevingGinnekenshoeve6-2048x1366.jpg 2048w\" sizes=\"auto, (max-width: 1024px) 100vw, 1024px\" \/><button\n\t\t\tclass=\"lightbox-trigger\"\n\t\t\ttype=\"button\"\n\t\t\taria-haspopup=\"dialog\"\n\t\t\taria-label=\"Vergroten\"\n\t\t\tdata-wp-init=\"callbacks.initTriggerButton\"\n\t\t\tdata-wp-on--click=\"actions.showLightbox\"\n\t\t\tdata-wp-style--right=\"state.imageButtonRight\"\n\t\t\tdata-wp-style--top=\"state.imageButtonTop\"\n\t\t>\n\t\t\t<svg xmlns=\"http:\/\/www.w3.org\/2000\/svg\" width=\"12\" height=\"12\" fill=\"none\" viewBox=\"0 0 12 12\">\n\t\t\t\t<path fill=\"#fff\" d=\"M2 0a2 2 0 0 0-2 2v2h1.5V2a.5.5 0 0 1 .5-.5h2V0H2Zm2 10.5H2a.5.5 0 0 1-.5-.5V8H0v2a2 2 0 0 0 2 2h2v-1.5ZM8 12v-1.5h2a.5.5 0 0 0 .5-.5V8H12v2a2 2 0 0 1-2 2H8Zm2-12a2 2 0 0 1 2 2v2h-1.5V2a.5.5 0 0 0-.5-.5H8V0h2Z\" \/>\n\t\t\t<\/svg>\n\t\t<\/button><\/figure>\n<\/div>\n<\/div>\n\n\n\n<div class=\"wp-block-columns alignwide is-layout-flex wp-container-core-columns-is-layout-d0bbbce0 wp-block-columns-is-layout-flex\">\n<div class=\"wp-block-column is-layout-flow wp-container-core-column-is-layout-e3d1c41b wp-block-column-is-layout-flow\">\n<h2 class=\"wp-block-heading has-text-align-left is-style-asterisk has-heading-font-family has-medium-font-size\" style=\"font-style:normal;font-weight:600\"><strong>Faites-vous plaisir dans le bain \u00e0 remous chauff\u00e9 au bois.<\/strong><\/h2>\n\n\n\n<p class=\"has-text-align-left\">Venez vous d\u00e9tendre dans notre espace bien-\u00eatre avec sauna infrarouge et salle de relaxation. Pour une exp\u00e9rience de plein air ultime, r\u00e9servez notre bain \u00e0 remous au feu de bois et profitez d&#8217;une soir\u00e9e merveilleusement relaxante.<\/p>\n<\/div>\n\n\n\n<div class=\"wp-block-column is-layout-flow wp-container-core-column-is-layout-e3d1c41b wp-block-column-is-layout-flow\" style=\"flex-basis:500px\">\n<div style=\"height:10px\" aria-hidden=\"true\" class=\"wp-block-spacer\"><\/div>\n\n\n\n<figure data-wp-context=\"{&quot;imageId&quot;:&quot;69f75566c8778&quot;}\" data-wp-interactive=\"core\/image\" data-wp-key=\"69f75566c8778\" class=\"wp-block-image size-large wp-lightbox-container\"><img loading=\"lazy\" decoding=\"async\" width=\"1024\" height=\"683\" data-wp-class--hide=\"state.isContentHidden\" data-wp-class--show=\"state.isContentVisible\" data-wp-init=\"callbacks.setButtonStyles\" data-wp-on--click=\"actions.showLightbox\" data-wp-on--load=\"callbacks.setButtonStyles\" data-wp-on-window--resize=\"callbacks.setButtonStyles\" src=\"https:\/\/www.ginnekenshoeve.be\/wp-content\/uploads\/2023\/12\/WellnessGinnekenshoeve_35-1024x683.jpg\" alt=\"\" class=\"wp-image-371\" style=\"aspect-ratio:16\/9;object-fit:cover\" srcset=\"https:\/\/www.ginnekenshoeve.be\/wp-content\/uploads\/2023\/12\/WellnessGinnekenshoeve_35-1024x683.jpg 1024w, https:\/\/www.ginnekenshoeve.be\/wp-content\/uploads\/2023\/12\/WellnessGinnekenshoeve_35-300x200.jpg 300w, https:\/\/www.ginnekenshoeve.be\/wp-content\/uploads\/2023\/12\/WellnessGinnekenshoeve_35-768x512.jpg 768w, https:\/\/www.ginnekenshoeve.be\/wp-content\/uploads\/2023\/12\/WellnessGinnekenshoeve_35-1536x1025.jpg 1536w, https:\/\/www.ginnekenshoeve.be\/wp-content\/uploads\/2023\/12\/WellnessGinnekenshoeve_35-2048x1366.jpg 2048w\" sizes=\"auto, (max-width: 1024px) 100vw, 1024px\" \/><button\n\t\t\tclass=\"lightbox-trigger\"\n\t\t\ttype=\"button\"\n\t\t\taria-haspopup=\"dialog\"\n\t\t\taria-label=\"Vergroten\"\n\t\t\tdata-wp-init=\"callbacks.initTriggerButton\"\n\t\t\tdata-wp-on--click=\"actions.showLightbox\"\n\t\t\tdata-wp-style--right=\"state.imageButtonRight\"\n\t\t\tdata-wp-style--top=\"state.imageButtonTop\"\n\t\t>\n\t\t\t<svg xmlns=\"http:\/\/www.w3.org\/2000\/svg\" width=\"12\" height=\"12\" fill=\"none\" viewBox=\"0 0 12 12\">\n\t\t\t\t<path fill=\"#fff\" d=\"M2 0a2 2 0 0 0-2 2v2h1.5V2a.5.5 0 0 1 .5-.5h2V0H2Zm2 10.5H2a.5.5 0 0 1-.5-.5V8H0v2a2 2 0 0 0 2 2h2v-1.5ZM8 12v-1.5h2a.5.5 0 0 0 .5-.5V8H12v2a2 2 0 0 1-2 2H8Zm2-12a2 2 0 0 1 2 2v2h-1.5V2a.5.5 0 0 0-.5-.5H8V0h2Z\" \/>\n\t\t\t<\/svg>\n\t\t<\/button><\/figure>\n<\/div>\n<\/div>\n<\/div>\n\n\n\n<div class=\"wp-block-group alignfull has-base-color has-contrast-background-color has-text-color has-background has-global-padding is-layout-constrained wp-container-core-group-is-layout-ef3d885c wp-block-group-is-layout-constrained\" style=\"margin-top:0;margin-bottom:0;padding-top:var(--wp--preset--spacing--60);padding-right:var(--wp--preset--spacing--60);padding-bottom:var(--wp--preset--spacing--60);padding-left:var(--wp--preset--spacing--60)\">\n<div class=\"wp-block-group has-global-padding is-layout-constrained wp-block-group-is-layout-constrained\">\n<p class=\"has-text-align-center has-base-color has-text-color has-heading-font-family has-x-large-font-size\" style=\"line-height:1.2\">Magnifique B&amp;B, accueil chaleureux, d\u00e9licieux petit-d\u00e9jeuner. Nous reviendrons \u00e0 coup s\u00fbr ! \ud83d\ude0a<\/p>\n\n\n\n<div style=\"height:var(--wp--preset--spacing--10)\" aria-hidden=\"true\" class=\"wp-block-spacer\"><\/div>\n\n\n\n<div class=\"wp-block-group is-vertical is-content-justification-center is-nowrap is-layout-flex wp-container-core-group-is-layout-2dc08cea wp-block-group-is-layout-flex\">\n<p class=\"has-text-align-center\" style=\"margin-top:var(--wp--preset--spacing--10);margin-bottom:0\">Griet et Bert<\/p>\n<\/div>\n<\/div>\n<\/div>\n<\/div>\n","protected":false},"excerpt":{"rendered":"<p>\u00c0 Ginnekenshoeve, toutes les bonnes choses sont r\u00e9unies : calme, espace, excellentes installations et hospitalit\u00e9 naturelle.Un s\u00e9jour \u00e0 Ginnekenshoeve signifie se d\u00e9tendre dans une atmosph\u00e8re chaleureuse et familiale. B&amp;B et Maison de Vacances Ginnekenshoeve est lou\u00e9e le week-end comme maison de vacances pour 8 \u00e0 10 personnes. Pendant la semaine, les chambres sont lou\u00e9es s\u00e9par\u00e9ment [&hellip;]<\/p>\n","protected":false},"author":1,"featured_media":0,"parent":0,"menu_order":8,"comment_status":"closed","ping_status":"closed","template":"wp-custom-template-startpagina-frans2","meta":{"footnotes":""},"class_list":["post-798","page","type-page","status-publish","hentry"],"_links":{"self":[{"href":"https:\/\/www.ginnekenshoeve.be\/index.php\/wp-json\/wp\/v2\/pages\/798","targetHints":{"allow":["GET"]}}],"collection":[{"href":"https:\/\/www.ginnekenshoeve.be\/index.php\/wp-json\/wp\/v2\/pages"}],"about":[{"href":"https:\/\/www.ginnekenshoeve.be\/index.php\/wp-json\/wp\/v2\/types\/page"}],"author":[{"embeddable":true,"href":"https:\/\/www.ginnekenshoeve.be\/index.php\/wp-json\/wp\/v2\/users\/1"}],"replies":[{"embeddable":true,"href":"https:\/\/www.ginnekenshoeve.be\/index.php\/wp-json\/wp\/v2\/comments?post=798"}],"version-history":[{"count":8,"href":"https:\/\/www.ginnekenshoeve.be\/index.php\/wp-json\/wp\/v2\/pages\/798\/revisions"}],"predecessor-version":[{"id":1210,"href":"https:\/\/www.ginnekenshoeve.be\/index.php\/wp-json\/wp\/v2\/pages\/798\/revisions\/1210"}],"wp:attachment":[{"href":"https:\/\/www.ginnekenshoeve.be\/index.php\/wp-json\/wp\/v2\/media?parent=798"}],"curies":[{"name":"wp","href":"https:\/\/api.w.org\/{rel}","templated":true}]}}